{"id":2211,"date":"2023-03-09T09:22:33","date_gmt":"2023-03-09T09:22:33","guid":{"rendered":"https:\/\/www.mbcl-international.net\/entwicklung-von-mbcl\/"},"modified":"2024-08-15T18:27:51","modified_gmt":"2024-08-15T18:27:51","slug":"entwicklung-von-mbcl","status":"publish","type":"page","link":"https:\/\/www.mbcl-international.net\/de\/entwicklung-von-mbcl\/","title":{"rendered":"Entwicklung von MBCL"},"content":{"rendered":"<p>[et_pb_section fb_built=&#8220;1&#8243; _builder_version=&#8220;4.17.6&#8243; _module_preset=&#8220;default&#8220; custom_padding=&#8220;0px||||false|false&#8220; global_colors_info=&#8220;{}&#8220;][et_pb_row _builder_version=&#8220;4.17.6&#8243; _module_preset=&#8220;default&#8220; width=&#8220;100%&#8220; max_width=&#8220;100%&#8220; custom_padding=&#8220;0px||||false|false&#8220; global_colors_info=&#8220;{}&#8220;][et_pb_column type=&#8220;4_4&#8243; _builder_version=&#8220;4.17.6&#8243; _module_preset=&#8220;default&#8220; global_colors_info=&#8220;{}&#8220;][et_pb_image src=&#8220;https:\/\/www.mbcl-international.net\/wp-content\/uploads\/2022\/08\/AboutMBCL.jpg&#8220; title_text=&#8220;\u00dcber MBCL&#8220; _builder_version=&#8220;4.18.0&#8243; _module_preset=&#8220;default&#8220; global_colors_info=&#8220;{}&#8220;][\/et_pb_image][\/et_pb_column][\/et_pb_row][et_pb_row column_structure=&#8220;2_3,1_3&#8243; _builder_version=&#8220;4.19.4&#8243; _module_preset=&#8220;default&#8220; global_colors_info=&#8220;{}&#8220;][et_pb_column type=&#8220;2_3&#8243; _builder_version=&#8220;4.17.6&#8243; _module_preset=&#8220;default&#8220; global_colors_info=&#8220;{}&#8220;][et_pb_text _builder_version=&#8220;4.27.0&#8243; _module_preset=&#8220;default&#8220; hover_enabled=&#8220;0&#8243; global_colors_info=&#8220;{}&#8220; sticky_enabled=&#8220;0&#8243; custom_margin=&#8220;||16px|||&#8220;]<\/p>\n<h1>Die Entwicklung von MBCL<\/h1>\n<p>[\/et_pb_text][et_pb_text _builder_version=&#8220;4.27.0&#8243; _module_preset=&#8220;default&#8220; hover_enabled=&#8220;0&#8243; global_colors_info=&#8220;{}&#8220; sticky_enabled=&#8220;0&#8243; custom_margin=&#8220;||45px|||&#8220;]<\/p>\n<p><strong>MBCL wurde von Erik van den Brink &amp; Frits Koster entwickelt. Es unterst\u00fctzt Sie dabei, Selbstf\u00fcrsorge, F\u00fcrsorge f\u00fcr andere und F\u00fcrsorge f\u00fcr unseren Planeten ins Gleichgewicht zu bringen.<\/strong><\/p>\n<p>[\/et_pb_text][et_pb_text _builder_version=&#8220;4.27.0&#8243; _module_preset=&#8220;default&#8220; hover_enabled=&#8220;0&#8243; global_colors_info=&#8220;{}&#8220; sticky_enabled=&#8220;0&#8243; custom_margin=&#8220;||46px|||&#8220;]<\/p>\n<p>W\u00e4hrend ihrer Arbeit in der psychiatrischen Versorgung entwickelten Frits Koster und Erik van den Brink das Mitgef\u00fchlstraining MBCL als achtw\u00f6chiges Folgetraining nach einem Grundkurs in Achtsamkeit.<\/p>\n<p>MBCL richtete sich zun\u00e4chst an Gruppen von Klientinnen und Klienten, die lernen wollten, heilsamer mit Schmerz, Stress und Leiden umzugehen &#8211; unabh\u00e4ngig davon, ob es sich um k\u00f6rperliche, mentale, emotionale oder Beziehungsprobleme handelte.<\/p>\n<p>Durch die Teilnahme an einem kombinierten MBSR\/MBCT-Kurs (die Inhalte von MBSR und MBCT werden in den Niederlanden meist gemeinsam unterrichtet) hatten die Klient*innen die positive Wirkung der Achtsamkeitspraxis auf ihre k\u00f6rperliche und seelische Gesundheit erlebt.<\/p>\n<p>Viele hatten jedoch Schwierigkeiten, die Praxis nach dem Kurs in ihren Alltag zu integrieren. Sie ben\u00f6tigten mehr Unterst\u00fctzung im Umgang mit hartn\u00e4ckigen Mustern wie starker Selbstkritik und innerer H\u00e4rte und suchten nach einer Balance zwischen Selbstf\u00fcrsorge und F\u00fcrsorge f\u00fcr andere.<\/p>\n<p>F\u00fcr diese Klient*innen war es von Beginn an wichtig, explizitere Mitgef\u00fchls\u00fcbungen in einer traumasensiblen Weise anzubieten. Dies f\u00fchrte zur Entwicklung des MBCL.<\/p>\n<p>Aufbauend auf dem, was sie bereits im MBSR\/MBCT-Kurs gelernt hatten, konnten die Teilnehmenden durch die Teilnahme am MBCL-Kurs ihre Praxis vertiefen und mehr W\u00e4rme, Akzeptanz und Verbundenheit mit sich selbst und anderen erfahren.<\/p>\n<p>Es wurde schnell deutlich, dass nicht nur Klient*innen, sondern auch Fachkr\u00e4fte aus dem Gesundheitswesen und anderen Bereichen von MBCL profitieren k\u00f6nnen.<\/p>\n<p>[\/et_pb_text][et_pb_text _builder_version=&#8220;4.20.0&#8243; _module_preset=&#8220;default&#8220; header_text_color=&#8220;#eb611b&#8220; global_colors_info=&#8220;{}&#8220;]<\/p>\n<h2>Die Begr\u00fcnder von MBCL<\/h2>\n<p>[\/et_pb_text][et_pb_team_member name=&#8220;Erik van den Brink&#8220; position=&#8220;Mitbegr\u00fcnder von MBCL&#8220; image_url=&#8220;https:\/\/www.mbcl-international.net\/wp-content\/uploads\/2023\/04\/TutorErikVanDenBrink.jpg&#8220; _builder_version=&#8220;4.27.0&#8243; _module_preset=&#8220;default&#8220; hover_enabled=&#8220;0&#8243; global_colors_info=&#8220;{}&#8220; sticky_enabled=&#8220;0&#8243;]<\/p>\n<p>Erik studierte Medizin in Amsterdam, absolvierte seine Ausbildung zum Psychiater in Gro\u00dfbritannien und arbeitete dort auch als Psychiater. Nach seiner R\u00fcckkehr in die Niederlande im Jahr 1995 arbeitete er als Psychiater und Psychotherapeut und sp\u00e4ter auch als Achtsamkeitstrainer. Er ist Mitbegr\u00fcnder des Zentrums f\u00fcr Integrative Psychiatrie, einer innovativen Klinik f\u00fcr psychische Gesundheit in Groningen, und hat auch in der Psychoonkologie gearbeitet. Sein besonderes Interesse gilt seit jeher Methoden, die die Selbstheilungskr\u00e4fte des Menschen st\u00e4rken, und er hat Pionierarbeit mit achtsamkeits- und mitgef\u00fchlsbasierten Interventionen in der psychiatrischen Versorgung geleistet. Er praktiziert seit langem Vipassana, Zen und s\u00e4kulare Meditation und wurde von den Begr\u00fcndern von MBSR\/MBCT, Acceptance and Commitment Therapy (ACT), Compassion Focused Therapy (CFT), Mindful Self-Compassion (MSC) und Interpersonal Mindfulness (IMP) ausgebildet. Zusammen mit Frits Koster entwickelte er das MBCL-Programm und ist Co-Autor <a href=\"https:\/\/www.mbcl-international.net\/de\/?page_id=2251\">mehrerer Publikationen \u00fcber MBCL<\/a>.<span style=\"color: #0000ff;\"> <\/span>Zudem ist Erik ein gerngesehener Gastdozent bei Achtsamkeitstrainingsinstituten in ganz Europa und dar\u00fcber hinaus.<\/p>\n<p><a href=\"https:\/\/mbcl.org\/\" target=\"_blank\" rel=\"noopener\">www.mbcl.org<\/a><\/p>\n<p>[\/et_pb_team_member][et_pb_team_member name=&#8220;Frits Koster&#8220; position=&#8220;Mitbegr\u00fcnder von MBCL&#8220; image_url=&#8220;https:\/\/www.mbcl-international.net\/wp-content\/uploads\/2023\/04\/TutorFritsKoster.jpg&#8220; _builder_version=&#8220;4.27.0&#8243; _module_preset=&#8220;default&#8220; hover_enabled=&#8220;0&#8243; global_colors_info=&#8220;{}&#8220; sticky_enabled=&#8220;0&#8243;]<\/p>\n<p>Frits ist ein erfahrener Meditationslehrer (Vipassana Meditation) und zertifizierter MBSR, MBCT und Interpersonal Mindfulness (IMP) Lehrer. Er lebte sechs Jahre als buddhistischer M\u00f6nch und studierte w\u00e4hrend dieser Zeit buddhistische Psychologie in verschiedenen Kl\u00f6stern in S\u00fcdostasien. Er hat mehrere B\u00fccher \u00fcber buddhistische Psychologie geschrieben, von denen einige ins Englische \u00fcbersetzt wurden. Er ist Ausbilder an verschiedenen Ausbildungsinstituten f\u00fcr Achtsamkeitslehrende in ganz Europa. Zusammen mit Erik van den Brink entwickelte er das Mitgef\u00fchls-Training Mindfulness-Based Compassionate Living (MBCL). MBCL ist international als &#8222;Full-dose Follow-Up&#8220;-Programm anerkannt. Das bedeutet, dass es ein vollst\u00e4ndiges Vertiefungsprogramm im Format von MBSR und MBCT ist und ebenfalls 8 Sitzungen und eine zus\u00e4tzliche Vertiefungssitzung umfasst. Zusammen haben Frits und Erik mehrere B\u00fccher \u00fcber MBCL geschrieben. Sie unterrichten weltweit MBCL-Einf\u00fchrungskurse und -Weiterbildungen, sowohl online als auch in Pr\u00e4senz. Zusammen mit seiner Frau Jetty Heynekamp leitet Frits internationale Meditationsretreats. Zusammen mit Victoria Norton sind Frits und Jetty die Herausgeber*innen von &#8218;Mindful Communication&#8216; (Routledge, 2023), einem Buch \u00fcber achtsame Kommunikation. Derzeit arbeitet Frits mit Zohair Elabd an einem Training f\u00fcr achtsame Kommunikation (Website in Vorbereitung). Zusammen mit Joyce Cordus hat er das achtsamkeitsbasierte Vergebungstraining MBTF entwickelt. Weitere Informationen finden Sie unter www.traininginforgiveness.com.<br \/><a href=\"http:\/\/www.compassionateliving.info\"><\/a><br \/><a href=\"https:\/\/fritskoster.com\">www.fritskoster.com<\/a><\/p>\n<p>[\/et_pb_team_member][\/et_pb_column][et_pb_column type=&#8220;1_3&#8243; _builder_version=&#8220;4.17.6&#8243; _module_preset=&#8220;default&#8220; background_color=&#8220;rgba(0,0,0,0.04)&#8220; custom_padding=&#8220;15px|20px||20px|false|false&#8220; border_radii=&#8220;on|3px|3px|3px|3px&#8220; border_width_all=&#8220;1px&#8220; border_color_all=&#8220;rgba(0,0,0,0.1)&#8220; box_shadow_style=&#8220;preset1&#8243; box_shadow_vertical=&#8220;0px&#8220; box_shadow_blur=&#8220;10px&#8220; box_shadow_color=&#8220;rgba(0,0,0,0.2)&#8220; global_colors_info=&#8220;{}&#8220;][et_pb_text _builder_version=&#8220;4.19.4&#8243; _module_preset=&#8220;default&#8220; text_text_color=&#8220;#555555&#8243; header_2_text_color=&#8220;#666666&#8243; custom_margin=&#8220;||||false|false&#8220; custom_padding=&#8220;||5px||false|false&#8220; border_width_bottom=&#8220;1px&#8220; border_color_bottom=&#8220;#999999&#8243; global_colors_info=&#8220;{}&#8220;]<\/p>\n<h2 style=\"text-align: center;\">MBCL Blog<\/h2>\n<p>[\/et_pb_text][et_pb_blog posts_number=&#8220;3&#8243; include_categories=&#8220;107&#8243; show_more=&#8220;on&#8220; show_categories=&#8220;off&#8220; _builder_version=&#8220;4.20.4&#8243; _module_preset=&#8220;default&#8220; body_text_color=&#8220;#666666&#8243; read_more_font=&#8220;||||||||&#8220; read_more_text_color=&#8220;#eb611b&#8220; read_more_line_height=&#8220;2em&#8220; custom_margin=&#8220;||||false|false&#8220; custom_padding=&#8220;||||false|false&#8220; global_colors_info=&#8220;{}&#8220;][\/et_pb_blog][\/et_pb_column][\/et_pb_row][\/et_pb_section]<\/p>\n","protected":false},"excerpt":{"rendered":"<p>Die Entwicklung von MBCLMBCL wurde von Erik van den Brink &amp; Frits Koster entwickelt. Es unterst\u00fctzt Sie dabei, Selbstf\u00fcrsorge, F\u00fcrsorge f\u00fcr andere und F\u00fcrsorge f\u00fcr unseren Planeten ins Gleichgewicht zu bringen.W\u00e4hrend ihrer Arbeit in der psychiatrischen Versorgung entwickelten Frits Koster und Erik van den Brink das Mitgef\u00fchlstraining MBCL als achtw\u00f6chiges Folgetraining nach einem Grundkurs in [&hellip;]<\/p>\n","protected":false},"author":2,"featured_media":0,"parent":0,"menu_order":0,"comment_status":"closed","ping_status":"closed","template":"","meta":{"_et_pb_use_builder":"on","_et_pb_old_content":"","_et_gb_content_width":"","footnotes":""},"difl_page_category":[],"class_list":["post-2211","page","type-page","status-publish","hentry"],"yoast_head":"<!-- This site is optimized with the Yoast SEO plugin v27.5 - https:\/\/yoast.com\/product\/yoast-seo-wordpress\/ -->\n<title>Die Entwicklung von MBCL<\/title>\n<meta name=\"description\" content=\"MBCL wurde von Erik van den Brink &amp; Frits Koster entwickelt und f\u00f6rdert das Gleichgewicht zwischen Selbstf\u00fcrsorge und F\u00fcrsorge f\u00fcr andere\" \/>\n<meta name=\"robots\" content=\"index, follow, max-snippet:-1, max-image-preview:large, max-video-preview:-1\" \/>\n<link rel=\"canonical\" href=\"https:\/\/www.mbcl-international.net\/de\/entwicklung-von-mbcl\/\" \/>\n<meta property=\"og:locale\" content=\"de_DE\" \/>\n<meta property=\"og:type\" content=\"article\" \/>\n<meta property=\"og:title\" content=\"Die Entwicklung von MBCL\" \/>\n<meta property=\"og:description\" content=\"MBCL wurde von Erik van den Brink &amp; Frits Koster entwickelt und f\u00f6rdert das Gleichgewicht zwischen Selbstf\u00fcrsorge und F\u00fcrsorge f\u00fcr andere\" \/>\n<meta property=\"og:url\" content=\"https:\/\/www.mbcl-international.net\/de\/entwicklung-von-mbcl\/\" \/>\n<meta property=\"og:site_name\" content=\"MBCL International\" \/>\n<meta property=\"article:modified_time\" content=\"2024-08-15T18:27:51+00:00\" \/>\n<meta name=\"twitter:card\" content=\"summary_large_image\" \/>\n<meta name=\"twitter:label1\" content=\"Gesch\u00e4tzte Lesezeit\" \/>\n\t<meta name=\"twitter:data1\" content=\"5\u00a0Minuten\" \/>\n<script type=\"application\/ld+json\" class=\"yoast-schema-graph\">{\"@context\":\"https:\\\/\\\/schema.org\",\"@graph\":[{\"@type\":\"WebPage\",\"@id\":\"https:\\\/\\\/www.mbcl-international.net\\\/de\\\/entwicklung-von-mbcl\\\/\",\"url\":\"https:\\\/\\\/www.mbcl-international.net\\\/de\\\/entwicklung-von-mbcl\\\/\",\"name\":\"Die Entwicklung von MBCL\",\"isPartOf\":{\"@id\":\"https:\\\/\\\/www.mbcl-international.net\\\/de\\\/#website\"},\"datePublished\":\"2023-03-09T09:22:33+00:00\",\"dateModified\":\"2024-08-15T18:27:51+00:00\",\"description\":\"MBCL wurde von Erik van den Brink & Frits Koster entwickelt und f\u00f6rdert das Gleichgewicht zwischen Selbstf\u00fcrsorge und F\u00fcrsorge f\u00fcr andere\",\"breadcrumb\":{\"@id\":\"https:\\\/\\\/www.mbcl-international.net\\\/de\\\/entwicklung-von-mbcl\\\/#breadcrumb\"},\"inLanguage\":\"de\",\"potentialAction\":[{\"@type\":\"ReadAction\",\"target\":[\"https:\\\/\\\/www.mbcl-international.net\\\/de\\\/entwicklung-von-mbcl\\\/\"]}]},{\"@type\":\"BreadcrumbList\",\"@id\":\"https:\\\/\\\/www.mbcl-international.net\\\/de\\\/entwicklung-von-mbcl\\\/#breadcrumb\",\"itemListElement\":[{\"@type\":\"ListItem\",\"position\":1,\"name\":\"Startseite\",\"item\":\"https:\\\/\\\/www.mbcl-international.net\\\/de\\\/\"},{\"@type\":\"ListItem\",\"position\":2,\"name\":\"Entwicklung von MBCL\"}]},{\"@type\":\"WebSite\",\"@id\":\"https:\\\/\\\/www.mbcl-international.net\\\/de\\\/#website\",\"url\":\"https:\\\/\\\/www.mbcl-international.net\\\/de\\\/\",\"name\":\"MBCL International\",\"description\":\"Mindfulness-Based Compassionate Living\",\"publisher\":{\"@id\":\"https:\\\/\\\/www.mbcl-international.net\\\/de\\\/#organization\"},\"potentialAction\":[{\"@type\":\"SearchAction\",\"target\":{\"@type\":\"EntryPoint\",\"urlTemplate\":\"https:\\\/\\\/www.mbcl-international.net\\\/de\\\/?s={search_term_string}\"},\"query-input\":{\"@type\":\"PropertyValueSpecification\",\"valueRequired\":true,\"valueName\":\"search_term_string\"}}],\"inLanguage\":\"de\"},{\"@type\":\"Organization\",\"@id\":\"https:\\\/\\\/www.mbcl-international.net\\\/de\\\/#organization\",\"name\":\"MBCL\",\"url\":\"https:\\\/\\\/www.mbcl-international.net\\\/de\\\/\",\"logo\":{\"@type\":\"ImageObject\",\"inLanguage\":\"de\",\"@id\":\"https:\\\/\\\/www.mbcl-international.net\\\/de\\\/#\\\/schema\\\/logo\\\/image\\\/\",\"url\":\"https:\\\/\\\/www.mbcl-international.net\\\/wp-content\\\/uploads\\\/2022\\\/08\\\/MBCL-Logo.jpg\",\"contentUrl\":\"https:\\\/\\\/www.mbcl-international.net\\\/wp-content\\\/uploads\\\/2022\\\/08\\\/MBCL-Logo.jpg\",\"width\":600,\"height\":340,\"caption\":\"MBCL\"},\"image\":{\"@id\":\"https:\\\/\\\/www.mbcl-international.net\\\/de\\\/#\\\/schema\\\/logo\\\/image\\\/\"}}]}<\/script>\n<!-- \/ Yoast SEO plugin. -->","yoast_head_json":{"title":"Die Entwicklung von MBCL","description":"MBCL wurde von Erik van den Brink & Frits Koster entwickelt und f\u00f6rdert das Gleichgewicht zwischen Selbstf\u00fcrsorge und F\u00fcrsorge f\u00fcr andere","robots":{"index":"index","follow":"follow","max-snippet":"max-snippet:-1","max-image-preview":"max-image-preview:large","max-video-preview":"max-video-preview:-1"},"canonical":"https:\/\/www.mbcl-international.net\/de\/entwicklung-von-mbcl\/","og_locale":"de_DE","og_type":"article","og_title":"Die Entwicklung von MBCL","og_description":"MBCL wurde von Erik van den Brink & Frits Koster entwickelt und f\u00f6rdert das Gleichgewicht zwischen Selbstf\u00fcrsorge und F\u00fcrsorge f\u00fcr andere","og_url":"https:\/\/www.mbcl-international.net\/de\/entwicklung-von-mbcl\/","og_site_name":"MBCL International","article_modified_time":"2024-08-15T18:27:51+00:00","twitter_card":"summary_large_image","twitter_misc":{"Gesch\u00e4tzte Lesezeit":"5\u00a0Minuten"},"schema":{"@context":"https:\/\/schema.org","@graph":[{"@type":"WebPage","@id":"https:\/\/www.mbcl-international.net\/de\/entwicklung-von-mbcl\/","url":"https:\/\/www.mbcl-international.net\/de\/entwicklung-von-mbcl\/","name":"Die Entwicklung von MBCL","isPartOf":{"@id":"https:\/\/www.mbcl-international.net\/de\/#website"},"datePublished":"2023-03-09T09:22:33+00:00","dateModified":"2024-08-15T18:27:51+00:00","description":"MBCL wurde von Erik van den Brink & Frits Koster entwickelt und f\u00f6rdert das Gleichgewicht zwischen Selbstf\u00fcrsorge und F\u00fcrsorge f\u00fcr andere","breadcrumb":{"@id":"https:\/\/www.mbcl-international.net\/de\/entwicklung-von-mbcl\/#breadcrumb"},"inLanguage":"de","potentialAction":[{"@type":"ReadAction","target":["https:\/\/www.mbcl-international.net\/de\/entwicklung-von-mbcl\/"]}]},{"@type":"BreadcrumbList","@id":"https:\/\/www.mbcl-international.net\/de\/entwicklung-von-mbcl\/#breadcrumb","itemListElement":[{"@type":"ListItem","position":1,"name":"Startseite","item":"https:\/\/www.mbcl-international.net\/de\/"},{"@type":"ListItem","position":2,"name":"Entwicklung von MBCL"}]},{"@type":"WebSite","@id":"https:\/\/www.mbcl-international.net\/de\/#website","url":"https:\/\/www.mbcl-international.net\/de\/","name":"MBCL International","description":"Mindfulness-Based Compassionate Living","publisher":{"@id":"https:\/\/www.mbcl-international.net\/de\/#organization"},"potentialAction":[{"@type":"SearchAction","target":{"@type":"EntryPoint","urlTemplate":"https:\/\/www.mbcl-international.net\/de\/?s={search_term_string}"},"query-input":{"@type":"PropertyValueSpecification","valueRequired":true,"valueName":"search_term_string"}}],"inLanguage":"de"},{"@type":"Organization","@id":"https:\/\/www.mbcl-international.net\/de\/#organization","name":"MBCL","url":"https:\/\/www.mbcl-international.net\/de\/","logo":{"@type":"ImageObject","inLanguage":"de","@id":"https:\/\/www.mbcl-international.net\/de\/#\/schema\/logo\/image\/","url":"https:\/\/www.mbcl-international.net\/wp-content\/uploads\/2022\/08\/MBCL-Logo.jpg","contentUrl":"https:\/\/www.mbcl-international.net\/wp-content\/uploads\/2022\/08\/MBCL-Logo.jpg","width":600,"height":340,"caption":"MBCL"},"image":{"@id":"https:\/\/www.mbcl-international.net\/de\/#\/schema\/logo\/image\/"}}]}},"_links":{"self":[{"href":"https:\/\/www.mbcl-international.net\/de\/wp-json\/wp\/v2\/pages\/2211","targetHints":{"allow":["GET"]}}],"collection":[{"href":"https:\/\/www.mbcl-international.net\/de\/wp-json\/wp\/v2\/pages"}],"about":[{"href":"https:\/\/www.mbcl-international.net\/de\/wp-json\/wp\/v2\/types\/page"}],"author":[{"embeddable":true,"href":"https:\/\/www.mbcl-international.net\/de\/wp-json\/wp\/v2\/users\/2"}],"replies":[{"embeddable":true,"href":"https:\/\/www.mbcl-international.net\/de\/wp-json\/wp\/v2\/comments?post=2211"}],"version-history":[{"count":12,"href":"https:\/\/www.mbcl-international.net\/de\/wp-json\/wp\/v2\/pages\/2211\/revisions"}],"predecessor-version":[{"id":2783,"href":"https:\/\/www.mbcl-international.net\/de\/wp-json\/wp\/v2\/pages\/2211\/revisions\/2783"}],"wp:attachment":[{"href":"https:\/\/www.mbcl-international.net\/de\/wp-json\/wp\/v2\/media?parent=2211"}],"wp:term":[{"taxonomy":"difl_page_category","embeddable":true,"href":"https:\/\/www.mbcl-international.net\/de\/wp-json\/wp\/v2\/difl_page_category?post=2211"}],"curies":[{"name":"wp","href":"https:\/\/api.w.org\/{rel}","templated":true}]}}