{"id":2183,"date":"2022-10-29T22:04:47","date_gmt":"2022-10-29T22:04:47","guid":{"rendered":"https:\/\/www.mbcl-international.net\/artikel-ueber-mbcl\/"},"modified":"2025-03-16T21:13:42","modified_gmt":"2025-03-16T21:13:42","slug":"wissenschaftliche-artikel-ueber-mbcl","status":"publish","type":"page","link":"https:\/\/www.mbcl-international.net\/de\/wissenschaftliche-artikel-ueber-mbcl\/","title":{"rendered":"Wissenschaftliche Artikel \u00fcber MBCL"},"content":{"rendered":"<p>[et_pb_section fb_built=&#8220;1&#8243; _builder_version=&#8220;4.17.6&#8243; _module_preset=&#8220;default&#8220; custom_padding=&#8220;0px||||false|false&#8220; global_colors_info=&#8220;{}&#8220;][et_pb_row _builder_version=&#8220;4.17.6&#8243; _module_preset=&#8220;default&#8220; width=&#8220;100%&#8220; max_width=&#8220;100%&#8220; custom_padding=&#8220;0px||||false|false&#8220; global_colors_info=&#8220;{}&#8220;][et_pb_column type=&#8220;4_4&#8243; _builder_version=&#8220;4.17.6&#8243; _module_preset=&#8220;default&#8220; global_colors_info=&#8220;{}&#8220;][et_pb_image src=&#8220;https:\/\/www.mbcl-international.net\/wp-content\/uploads\/2023\/04\/BooksResources2023.jpg&#8220; title_text=&#8220;Nahaufnahme Buch auf dem Tisch bei Sonnenuntergang&#8220; _builder_version=&#8220;4.21.0&#8243; _module_preset=&#8220;default&#8220; global_colors_info=&#8220;{}&#8220;][\/et_pb_image][\/et_pb_column][\/et_pb_row][et_pb_row column_structure=&#8220;2_3,1_3&#8243; _builder_version=&#8220;4.19.4&#8243; _module_preset=&#8220;default&#8220; global_colors_info=&#8220;{}&#8220;][et_pb_column type=&#8220;2_3&#8243; _builder_version=&#8220;4.17.6&#8243; _module_preset=&#8220;default&#8220; global_colors_info=&#8220;{}&#8220;][et_pb_text _builder_version=&#8220;4.27.0&#8243; _module_preset=&#8220;default&#8220; custom_margin=&#8220;||25px||false|false&#8220; global_colors_info=&#8220;{}&#8220;]<\/p>\n<h1>Wissenschaftliche Artikel \u00fcber MBCL<\/h1>\n<p>[\/et_pb_text][et_pb_text _builder_version=&#8220;4.27.0&#8243; _module_preset=&#8220;default&#8220; custom_margin=&#8220;||31px||false|false&#8220; global_colors_info=&#8220;{}&#8220;]<\/p>\n<p><strong>Es gibt eine wachsende Anzahl wissenschaftlicher Studien zu MBCL, die vielversprechende Ergebnisse liefern. Geforscht wurde zu den Effekten von MBCL in klinischen und nicht-klinischen Populationen, zur Wirksamkeit von Pr\u00e4senz- und Online-Interventionen. Es liegen unkontrollierte und kontrollierte, quantitative und qualitative Studien vor.<\/strong><\/p>\n<p>[\/et_pb_text][et_pb_text _builder_version=&#8220;4.27.0&#8243; _module_preset=&#8220;default&#8220; custom_margin=&#8220;||31px||false|false&#8220; global_colors_info=&#8220;{}&#8220;]<\/p>\n<p>Klicken Sie unten, um die Zusammenfassung oder den vollst\u00e4ndigen Text des Artikels anzuzeigen.<\/p>\n<p>[\/et_pb_text][et_pb_text _builder_version=&#8220;4.27.4&#8243; _module_preset=&#8220;default&#8220; custom_margin=&#8220;||48px||false|false&#8220; hover_enabled=&#8220;0&#8243; global_colors_info=&#8220;{}&#8220; sticky_enabled=&#8220;0&#8243;]<\/p>\n<ul>\n<li>\u00a0K\u0131l\u0131\u00e7, D, P. Tosun Ta\u015far, &amp; M. Cengiz. (2024). <a href=\"https:\/\/academic.oup.com\/her\/article-abstract\/39\/4\/313\/7614794?redirectedFrom=PDF\" target=\"_blank\" rel=\"noopener\">The effect of mindfulness-based compassionate living training for informal caregivers of palliative inpatients on burnout and caregiving burden: a randomized controlled trial.<\/a> Health Education Research 39(4), 313-322.<\/li>\n<li>Scheepbouwer, V., Hanssen, I., Collin, G., Huijbers, M. J., Schuling, R., &amp; Speckens, A. E. M. (2024). <a href=\"https:\/\/link.springer.com\/article\/10.1007\/s10608-024-10556-z\" target=\"_blank\" rel=\"noopener\">Mindfulness-Based Compassionate Living for Recurrent Depression: Examining Experiential Avoidance, Fear of Self-Compassion, and Positive Affect as Mediators of Response in a Randomized Controlled Trial.<\/a> Cogn Ther Res (2024).<\/li>\n<li>Ter Avest, M. J., Schuling, R., Greven, C. U., Huijbers, M. J., Wilderjans, T. F., Spinhoven, P., &amp; Speckens, A. E. M. (2021). <a href=\"https:\/\/www.sciencedirect.com\/science\/article\/pii\/S0005796721001455%20\" target=\"_blank\" rel=\"noopener\">Interplay between self-compassion and affect during Mindfulness-Based Compassionate Living for recurrent depression: An Autoregressive Latent Trajectory analysis.<\/a> Behaviour Research and Therapy, 146, 10394<\/li>\n<li>Schuling, R., Huijbers, M.J., van Ravesteijn, H., Kuyken, W. &amp; Speckens, A. E. M. (2021). <a href=\"https:\/\/link.springer.com\/article\/10.1007\/s12671-021-01675-9\" target=\"_blank\" rel=\"noopener\">Mindfulness-Based Compassionate Living (MBCL): a Qualitative Study into the Added Value of Compassion in Recurrent Depression.<\/a> Mindfulness (2021).<\/li>\n<li>Schuling, R., Huijbers, M. J., Van Ravesteijn, H., Donders, R., Cillessen, L., Kuyken, W. &amp; Speckens, A. E. M. (2020). <a href=\"https:\/\/www.sciencedirect.com\/science\/article\/abs\/pii\/S0165032719333555?via%3Dihub\" target=\"_blank\" rel=\"noopener\">Recovery from recurrent depression: Randomized controlled trial of the efficacy of mindfulness-based compassionate living compared with treatment-as-usual on depressive symptoms and its consolidation at longer term follow-up.<\/a> Journal of Affective Disorders, 273, 265-273.<\/li>\n<li>Ondrejkov\u00e1, N., Halamov\u00e1, J. &amp; Strn\u00e1delov\u00e1, B. (2020). <a href=\"https:\/\/link.springer.com\/article\/10.1007\/s12144-020-00799-w\" target=\"_blank\" rel=\"noopener\">Effect of the intervention mindfulness based compassionate living on the level of self-criticism and self-compassion.<\/a> Current Psychology (2020).<\/li>\n<li>Krieger, T., Reber, F., Von Glutz, B., Urech, A., Moser, C.T., Schulz, A., &amp; Berger, T. (2019). <a href=\"https:\/\/www.sciencedirect.com\/science\/article\/abs\/pii\/S0005789418301060?via%3Dihub\" target=\"_blank\" rel=\"noopener\">An Internet-Based Compassion-Focused Intervention for Increased Self-Criticism: A Randomized Controlled Trial.<\/a> Behavior Therapy 50, 430\u2013445.<\/li>\n<li>Schuling, R., Huijbers, M., Jansen, H., Metzemaekers, R., Brink, E. van den, Koster, F., Ravesteijn, H. van, &amp; Speckens, A. (2018). <a href=\"https:\/\/link.springer.com\/article\/10.1007\/s12671-017-0783-1\" target=\"_blank\" rel=\"noopener\">The co-creation and feasibility of a compassion training as a follow-up to mindfulness-based cognitive therapy in patients with recurrent depression.<\/a> Mindfulness, 9(2), 412-422.<\/li>\n<li>Schuling, R., Huijbers, M. J., van Ravesteijn, H., Donders, R., Kuyken, W., &amp; Speckens, A. E. M. (2016). <a href=\"https:\/\/pubmed.ncbi.nlm.nih.gov\/27451354\/\" target=\"_blank\" rel=\"noopener\">A parallel-group, randomized controlled trial into the effectiveness of Mindfulness Based Compassionate Living (MBCL) compared to treatment-as-usual in recurrent depression: Trial design and protocol.<\/a> Contemporary Clinical Trials, 50, 77-83.<\/li>\n<li>Bartels-Velthuis, A. A., Schroevers, M. J., Ploeg, K. van der, Koster, F., Fleer, J., &amp; Brink, E. van den. (2016). <a href=\"https:\/\/link.springer.com\/article\/10.1007\/s12671-016-0518-8\" target=\"_blank\" rel=\"noopener\">A Mindfulness-Based Compassionate Living training in a heterogeneous sample of psychiatric outpatients: a feasibility study.<\/a> Mindfulness, 7, 809\u2013818.<\/li>\n<li>Krieger, T., Martig, D.S., Brink, E. van den, &amp; Berger, T. (2016). <a href=\"https:\/\/www.sciencedirect.com\/science\/article\/pii\/S2214782916300434?via%3Dihub\" target=\"_blank\" rel=\"noopener\">Working on self-compassion online: A proof of concept and feasibility study.<\/a> Internet Interventions, 6, 64\u201370.<\/li>\n<\/ul>\n<h2>Doktorarbeit \u00fcber MBCL<\/h2>\n<ul>\n<li>Schuling, R. (2020). Compassion in depression \u2013 Mindfulness-based compassionate living for recurrent depression. Doctoral thesis Radboud University, Nimwegen. <a href=\"https:\/\/www.mbcl-international.net\/wp-content\/uploads\/2023\/01\/Compassion_in_depression_Thesis_R_Schuling_2020.pdf\" target=\"_blank\" rel=\"noopener\">&gt;&gt; Click here for access to the full version<\/a><\/li>\n<\/ul>\n<p>[\/et_pb_text][\/et_pb_column][et_pb_column type=&#8220;1_3&#8243; _builder_version=&#8220;4.17.6&#8243; _module_preset=&#8220;default&#8220; background_color=&#8220;rgba(0,0,0,0.04)&#8220; custom_padding=&#8220;15px|20px||20px|false|false&#8220; border_radii=&#8220;on|3px|3px|3px|3px&#8220; border_width_all=&#8220;1px&#8220; border_color_all=&#8220;rgba(0,0,0,0.1)&#8220; box_shadow_style=&#8220;preset1&#8243; box_shadow_vertical=&#8220;0px&#8220; box_shadow_blur=&#8220;10px&#8220; box_shadow_color=&#8220;rgba(0,0,0,0.2)&#8220; global_colors_info=&#8220;{}&#8220;][et_pb_text _builder_version=&#8220;4.19.4&#8243; _module_preset=&#8220;default&#8220; text_text_color=&#8220;#555555&#8243; header_2_text_color=&#8220;#666666&#8243; custom_margin=&#8220;||||false|false&#8220; custom_padding=&#8220;||5px||false|false&#8220; border_width_bottom=&#8220;1px&#8220; border_color_bottom=&#8220;#999999&#8243; global_colors_info=&#8220;{}&#8220;]<\/p>\n<h2 style=\"text-align: center;\">MBCL Blog<\/h2>\n<p>[\/et_pb_text][et_pb_blog posts_number=&#8220;3&#8243; include_categories=&#8220;107&#8243; show_more=&#8220;on&#8220; show_categories=&#8220;off&#8220; _builder_version=&#8220;4.19.4&#8243; _module_preset=&#8220;default&#8220; body_text_color=&#8220;#666666&#8243; read_more_font=&#8220;||||||||&#8220; read_more_text_color=&#8220;#eb611b&#8220; read_more_line_height=&#8220;2em&#8220; custom_margin=&#8220;||||false|false&#8220; custom_padding=&#8220;||||false|false&#8220; global_colors_info=&#8220;{}&#8220;][\/et_pb_blog][\/et_pb_column][\/et_pb_row][\/et_pb_section]<\/p>\n","protected":false},"excerpt":{"rendered":"<p>Wissenschaftliche Artikel \u00fcber MBCLEs gibt eine wachsende Anzahl wissenschaftlicher Studien zu MBCL, die vielversprechende Ergebnisse liefern. Geforscht wurde zu den Effekten von MBCL in klinischen und nicht-klinischen Populationen, zur Wirksamkeit von Pr\u00e4senz- und Online-Interventionen. Es liegen unkontrollierte und kontrollierte, quantitative und qualitative Studien vor.Klicken Sie unten, um die Zusammenfassung oder den vollst\u00e4ndigen Text des Artikels [&hellip;]<\/p>\n","protected":false},"author":1,"featured_media":0,"parent":0,"menu_order":0,"comment_status":"closed","ping_status":"closed","template":"","meta":{"_et_pb_use_builder":"on","_et_pb_old_content":"","_et_gb_content_width":"","footnotes":""},"difl_page_category":[],"class_list":["post-2183","page","type-page","status-publish","hentry"],"yoast_head":"<!-- This site is optimized with the Yoast SEO plugin v27.3 - https:\/\/yoast.com\/product\/yoast-seo-wordpress\/ -->\n<title>Forschung \u00fcber MBCL<\/title>\n<meta name=\"description\" content=\"Qualitativ hochwertige Forschung belegt die Wirksamkeit von MBCL.\" \/>\n<meta name=\"robots\" content=\"index, follow, max-snippet:-1, max-image-preview:large, max-video-preview:-1\" \/>\n<link rel=\"canonical\" href=\"https:\/\/www.mbcl-international.net\/de\/wissenschaftliche-artikel-ueber-mbcl\/\" \/>\n<meta property=\"og:locale\" content=\"de_DE\" \/>\n<meta property=\"og:type\" content=\"article\" \/>\n<meta property=\"og:title\" content=\"Forschung \u00fcber MBCL\" \/>\n<meta property=\"og:description\" content=\"Qualitativ hochwertige Forschung belegt die Wirksamkeit von MBCL.\" \/>\n<meta property=\"og:url\" content=\"https:\/\/www.mbcl-international.net\/de\/wissenschaftliche-artikel-ueber-mbcl\/\" \/>\n<meta property=\"og:site_name\" content=\"MBCL International\" \/>\n<meta property=\"article:modified_time\" content=\"2025-03-16T21:13:42+00:00\" \/>\n<meta name=\"twitter:card\" content=\"summary_large_image\" \/>\n<meta name=\"twitter:label1\" content=\"Gesch\u00e4tzte Lesezeit\" \/>\n\t<meta name=\"twitter:data1\" content=\"4\u00a0Minuten\" \/>\n<script type=\"application\/ld+json\" class=\"yoast-schema-graph\">{\"@context\":\"https:\\\/\\\/schema.org\",\"@graph\":[{\"@type\":\"WebPage\",\"@id\":\"https:\\\/\\\/www.mbcl-international.net\\\/de\\\/wissenschaftliche-artikel-ueber-mbcl\\\/\",\"url\":\"https:\\\/\\\/www.mbcl-international.net\\\/de\\\/wissenschaftliche-artikel-ueber-mbcl\\\/\",\"name\":\"Forschung \u00fcber MBCL\",\"isPartOf\":{\"@id\":\"https:\\\/\\\/www.mbcl-international.net\\\/de\\\/#website\"},\"datePublished\":\"2022-10-29T22:04:47+00:00\",\"dateModified\":\"2025-03-16T21:13:42+00:00\",\"description\":\"Qualitativ hochwertige Forschung belegt die Wirksamkeit von MBCL.\",\"breadcrumb\":{\"@id\":\"https:\\\/\\\/www.mbcl-international.net\\\/de\\\/wissenschaftliche-artikel-ueber-mbcl\\\/#breadcrumb\"},\"inLanguage\":\"de\",\"potentialAction\":[{\"@type\":\"ReadAction\",\"target\":[\"https:\\\/\\\/www.mbcl-international.net\\\/de\\\/wissenschaftliche-artikel-ueber-mbcl\\\/\"]}]},{\"@type\":\"BreadcrumbList\",\"@id\":\"https:\\\/\\\/www.mbcl-international.net\\\/de\\\/wissenschaftliche-artikel-ueber-mbcl\\\/#breadcrumb\",\"itemListElement\":[{\"@type\":\"ListItem\",\"position\":1,\"name\":\"Startseite\",\"item\":\"https:\\\/\\\/www.mbcl-international.net\\\/de\\\/\"},{\"@type\":\"ListItem\",\"position\":2,\"name\":\"Wissenschaftliche Artikel \u00fcber MBCL\"}]},{\"@type\":\"WebSite\",\"@id\":\"https:\\\/\\\/www.mbcl-international.net\\\/de\\\/#website\",\"url\":\"https:\\\/\\\/www.mbcl-international.net\\\/de\\\/\",\"name\":\"MBCL International\",\"description\":\"Mindfulness-Based Compassionate Living\",\"publisher\":{\"@id\":\"https:\\\/\\\/www.mbcl-international.net\\\/de\\\/#organization\"},\"potentialAction\":[{\"@type\":\"SearchAction\",\"target\":{\"@type\":\"EntryPoint\",\"urlTemplate\":\"https:\\\/\\\/www.mbcl-international.net\\\/de\\\/?s={search_term_string}\"},\"query-input\":{\"@type\":\"PropertyValueSpecification\",\"valueRequired\":true,\"valueName\":\"search_term_string\"}}],\"inLanguage\":\"de\"},{\"@type\":\"Organization\",\"@id\":\"https:\\\/\\\/www.mbcl-international.net\\\/de\\\/#organization\",\"name\":\"MBCL\",\"url\":\"https:\\\/\\\/www.mbcl-international.net\\\/de\\\/\",\"logo\":{\"@type\":\"ImageObject\",\"inLanguage\":\"de\",\"@id\":\"https:\\\/\\\/www.mbcl-international.net\\\/de\\\/#\\\/schema\\\/logo\\\/image\\\/\",\"url\":\"https:\\\/\\\/www.mbcl-international.net\\\/wp-content\\\/uploads\\\/2022\\\/08\\\/MBCL-Logo.jpg\",\"contentUrl\":\"https:\\\/\\\/www.mbcl-international.net\\\/wp-content\\\/uploads\\\/2022\\\/08\\\/MBCL-Logo.jpg\",\"width\":600,\"height\":340,\"caption\":\"MBCL\"},\"image\":{\"@id\":\"https:\\\/\\\/www.mbcl-international.net\\\/de\\\/#\\\/schema\\\/logo\\\/image\\\/\"}}]}<\/script>\n<!-- \/ Yoast SEO plugin. -->","yoast_head_json":{"title":"Forschung \u00fcber MBCL","description":"Qualitativ hochwertige Forschung belegt die Wirksamkeit von MBCL.","robots":{"index":"index","follow":"follow","max-snippet":"max-snippet:-1","max-image-preview":"max-image-preview:large","max-video-preview":"max-video-preview:-1"},"canonical":"https:\/\/www.mbcl-international.net\/de\/wissenschaftliche-artikel-ueber-mbcl\/","og_locale":"de_DE","og_type":"article","og_title":"Forschung \u00fcber MBCL","og_description":"Qualitativ hochwertige Forschung belegt die Wirksamkeit von MBCL.","og_url":"https:\/\/www.mbcl-international.net\/de\/wissenschaftliche-artikel-ueber-mbcl\/","og_site_name":"MBCL International","article_modified_time":"2025-03-16T21:13:42+00:00","twitter_card":"summary_large_image","twitter_misc":{"Gesch\u00e4tzte Lesezeit":"4\u00a0Minuten"},"schema":{"@context":"https:\/\/schema.org","@graph":[{"@type":"WebPage","@id":"https:\/\/www.mbcl-international.net\/de\/wissenschaftliche-artikel-ueber-mbcl\/","url":"https:\/\/www.mbcl-international.net\/de\/wissenschaftliche-artikel-ueber-mbcl\/","name":"Forschung \u00fcber MBCL","isPartOf":{"@id":"https:\/\/www.mbcl-international.net\/de\/#website"},"datePublished":"2022-10-29T22:04:47+00:00","dateModified":"2025-03-16T21:13:42+00:00","description":"Qualitativ hochwertige Forschung belegt die Wirksamkeit von MBCL.","breadcrumb":{"@id":"https:\/\/www.mbcl-international.net\/de\/wissenschaftliche-artikel-ueber-mbcl\/#breadcrumb"},"inLanguage":"de","potentialAction":[{"@type":"ReadAction","target":["https:\/\/www.mbcl-international.net\/de\/wissenschaftliche-artikel-ueber-mbcl\/"]}]},{"@type":"BreadcrumbList","@id":"https:\/\/www.mbcl-international.net\/de\/wissenschaftliche-artikel-ueber-mbcl\/#breadcrumb","itemListElement":[{"@type":"ListItem","position":1,"name":"Startseite","item":"https:\/\/www.mbcl-international.net\/de\/"},{"@type":"ListItem","position":2,"name":"Wissenschaftliche Artikel \u00fcber MBCL"}]},{"@type":"WebSite","@id":"https:\/\/www.mbcl-international.net\/de\/#website","url":"https:\/\/www.mbcl-international.net\/de\/","name":"MBCL International","description":"Mindfulness-Based Compassionate Living","publisher":{"@id":"https:\/\/www.mbcl-international.net\/de\/#organization"},"potentialAction":[{"@type":"SearchAction","target":{"@type":"EntryPoint","urlTemplate":"https:\/\/www.mbcl-international.net\/de\/?s={search_term_string}"},"query-input":{"@type":"PropertyValueSpecification","valueRequired":true,"valueName":"search_term_string"}}],"inLanguage":"de"},{"@type":"Organization","@id":"https:\/\/www.mbcl-international.net\/de\/#organization","name":"MBCL","url":"https:\/\/www.mbcl-international.net\/de\/","logo":{"@type":"ImageObject","inLanguage":"de","@id":"https:\/\/www.mbcl-international.net\/de\/#\/schema\/logo\/image\/","url":"https:\/\/www.mbcl-international.net\/wp-content\/uploads\/2022\/08\/MBCL-Logo.jpg","contentUrl":"https:\/\/www.mbcl-international.net\/wp-content\/uploads\/2022\/08\/MBCL-Logo.jpg","width":600,"height":340,"caption":"MBCL"},"image":{"@id":"https:\/\/www.mbcl-international.net\/de\/#\/schema\/logo\/image\/"}}]}},"_links":{"self":[{"href":"https:\/\/www.mbcl-international.net\/de\/wp-json\/wp\/v2\/pages\/2183","targetHints":{"allow":["GET"]}}],"collection":[{"href":"https:\/\/www.mbcl-international.net\/de\/wp-json\/wp\/v2\/pages"}],"about":[{"href":"https:\/\/www.mbcl-international.net\/de\/wp-json\/wp\/v2\/types\/page"}],"author":[{"embeddable":true,"href":"https:\/\/www.mbcl-international.net\/de\/wp-json\/wp\/v2\/users\/1"}],"replies":[{"embeddable":true,"href":"https:\/\/www.mbcl-international.net\/de\/wp-json\/wp\/v2\/comments?post=2183"}],"version-history":[{"count":16,"href":"https:\/\/www.mbcl-international.net\/de\/wp-json\/wp\/v2\/pages\/2183\/revisions"}],"predecessor-version":[{"id":3095,"href":"https:\/\/www.mbcl-international.net\/de\/wp-json\/wp\/v2\/pages\/2183\/revisions\/3095"}],"wp:attachment":[{"href":"https:\/\/www.mbcl-international.net\/de\/wp-json\/wp\/v2\/media?parent=2183"}],"wp:term":[{"taxonomy":"difl_page_category","embeddable":true,"href":"https:\/\/www.mbcl-international.net\/de\/wp-json\/wp\/v2\/difl_page_category?post=2183"}],"curies":[{"name":"wp","href":"https:\/\/api.w.org\/{rel}","templated":true}]}}