{"id":2167,"date":"2022-08-13T12:33:39","date_gmt":"2022-08-13T12:33:39","guid":{"rendered":"https:\/\/www.mbcl-international.net\/kooperationen\/"},"modified":"2025-02-20T14:59:56","modified_gmt":"2025-02-20T14:59:56","slug":"kooperationen","status":"publish","type":"page","link":"https:\/\/www.mbcl-international.net\/de\/kooperationen\/","title":{"rendered":"Kooperationen"},"content":{"rendered":"<p>[et_pb_section fb_built=&#8220;1&#8243; _builder_version=&#8220;4.17.6&#8243; _module_preset=&#8220;default&#8220; custom_padding=&#8220;0px||||false|false&#8220; global_colors_info=&#8220;{}&#8220;][et_pb_row _builder_version=&#8220;4.17.6&#8243; _module_preset=&#8220;default&#8220; width=&#8220;100%&#8220; max_width=&#8220;100%&#8220; custom_padding=&#8220;0px||||false|false&#8220; global_colors_info=&#8220;{}&#8220;][et_pb_column type=&#8220;4_4&#8243; _builder_version=&#8220;4.17.6&#8243; _module_preset=&#8220;default&#8220; global_colors_info=&#8220;{}&#8220;][et_pb_image src=&#8220;https:\/\/www.mbcl-international.net\/wp-content\/uploads\/2022\/08\/AboutMBCL.jpg&#8220; title_text=&#8220;\u00dcber MBCL&#8220; _builder_version=&#8220;4.18.0&#8243; _module_preset=&#8220;default&#8220; global_colors_info=&#8220;{}&#8220;][\/et_pb_image][\/et_pb_column][\/et_pb_row][et_pb_row column_structure=&#8220;2_3,1_3&#8243; _builder_version=&#8220;4.19.4&#8243; _module_preset=&#8220;default&#8220; global_colors_info=&#8220;{}&#8220;][et_pb_column type=&#8220;2_3&#8243; _builder_version=&#8220;4.17.6&#8243; _module_preset=&#8220;default&#8220; global_colors_info=&#8220;{}&#8220;][et_pb_text _builder_version=&#8220;4.27.0&#8243; _module_preset=&#8220;default&#8220; custom_margin=&#8220;||20px|||&#8220; global_colors_info=&#8220;{}&#8220;]<\/p>\n<h1>Internationale MBCL-Kooperationen<\/h1>\n<p>[\/et_pb_text][et_pb_text _builder_version=&#8220;4.27.0&#8243; _module_preset=&#8220;default&#8220; custom_margin=&#8220;||45px|||&#8220; global_colors_info=&#8220;{}&#8220;]<\/p>\n<p><strong>Entdecken Sie unsere Kooperationen mit f\u00fchrenden Instituten und Organisationen, die sich weltweit f\u00fcr Achtsamkeit und Mitgef\u00fchl einsetzen.<\/strong><\/p>\n<p>[\/et_pb_text][et_pb_text _builder_version=&#8220;4.27.4&#8243; _module_preset=&#8220;default&#8220; header_text_color=&#8220;#eb611b&#8220; hover_enabled=&#8220;0&#8243; global_colors_info=&#8220;{}&#8220; sticky_enabled=&#8220;0&#8243;]<\/p>\n<p><strong>International: <\/strong><\/p>\n<p><a href=\"https:\/\/www.institute-for-mindfulness.org\/\" target=\"_blank\" rel=\"noopener\">Institute for Mindfulness-Based Approaches<\/a><br \/><a href=\"https:\/\/globalcompassioncoalition.org\/\" target=\"_blank\" rel=\"noopener\">Global Compassion Coalition<\/a><\/p>\n<p><strong>L\u00e4nder:<\/strong><\/p>\n<p>Brasilien: <a href=\"https:\/\/www.plenativamente.com.br\/\" target=\"_blank\" rel=\"noopener\">Instituto Plenativamente<\/a><\/p>\n<p>Frankreich: <a href=\"https:\/\/www.euthymia.fr\/\" target=\"_blank\" rel=\"noopener\">Euthymia<\/a><\/p>\n<p>Deutschland: <a href=\"https:\/\/www.institut-fuer-achtsamkeit.de\/\" target=\"_blank\" rel=\"noopener\">Institut f\u00fcr Achtsamkeit<\/a><\/p>\n<p>Litauen: <a href=\"https:\/\/www.psichoterapija.info\/\" target=\"_blank\" rel=\"noopener\">Neuromedicinos Institutas Kaunas<\/a><\/p>\n<p>Niederlande &amp; Belgien:<br \/><a href=\"https:\/\/www.gentleminds.nl\/\" target=\"_blank\" rel=\"noopener\">Gentleminds Institute for Compassion<\/a><br \/><a href=\"https:\/\/ccmm.care\/online-meditations\/\" target=\"_blank\" rel=\"noopener\">CCMM<\/a><br \/><a href=\"https:\/\/www.30now.nl\/\" target=\"_blank\" rel=\"noopener\">30NOW<\/a><\/p>\n<p>Polen: <a href=\"https:\/\/mbcl-polska.pl\/\" target=\"_blank\" rel=\"noopener\">https:\/\/mbcl-polska.pl<\/a><br \/>Facebook: <a href=\"https:\/\/facebook.com\/waszauwaznoscszkoleniatrenerskie\" target=\"_blank\" rel=\"noopener\">https:\/\/facebook.com\/waszauwaznoscszkoleniatrenerskie<\/a><br \/>Instagram: @martampepol_compassion<\/p>\n<p>Spanien: <a href=\"https:\/\/www.mindfulnessconcorazon.com\/\" target=\"_blank\" rel=\"noopener\">Mindfulness con coraz\u00f3n<\/a><\/p>\n<p>T\u00fcrkei: <a href=\"https:\/\/mindfulnessinstitute.com.tr\/\" target=\"_blank\" rel=\"noopener\">Mindfulness Institute Istanbul<\/a><\/p>\n<p>Vereinigtes K\u00f6nigreich: <a href=\"https:\/\/www.mindfulness-network.org\/\" target=\"_blank\" rel=\"noopener\">Mindfulness Network<\/a><\/p>\n<p>[\/et_pb_text][\/et_pb_column][et_pb_column type=&#8220;1_3&#8243; _builder_version=&#8220;4.17.6&#8243; _module_preset=&#8220;default&#8220; background_color=&#8220;rgba(0,0,0,0.04)&#8220; custom_padding=&#8220;15px|20px||20px|false|false&#8220; border_radii=&#8220;on|3px|3px|3px|3px&#8220; border_width_all=&#8220;1px&#8220; border_color_all=&#8220;rgba(0,0,0,0.1)&#8220; box_shadow_style=&#8220;preset1&#8243; box_shadow_vertical=&#8220;0px&#8220; box_shadow_blur=&#8220;10px&#8220; box_shadow_color=&#8220;rgba(0,0,0,0.2)&#8220; global_colors_info=&#8220;{}&#8220;][et_pb_text _builder_version=&#8220;4.19.4&#8243; _module_preset=&#8220;default&#8220; text_text_color=&#8220;#555555&#8243; header_2_text_color=&#8220;#666666&#8243; custom_margin=&#8220;||||false|false&#8220; custom_padding=&#8220;||5px||false|false&#8220; border_width_bottom=&#8220;1px&#8220; border_color_bottom=&#8220;#999999&#8243; global_colors_info=&#8220;{}&#8220;]<\/p>\n<h2 style=\"text-align: center;\">MBCL Blog<\/h2>\n<p>[\/et_pb_text][et_pb_blog posts_number=&#8220;3&#8243; include_categories=&#8220;107&#8243; show_more=&#8220;on&#8220; show_categories=&#8220;off&#8220; _builder_version=&#8220;4.19.4&#8243; _module_preset=&#8220;default&#8220; body_text_color=&#8220;#666666&#8243; read_more_font=&#8220;||||||||&#8220; read_more_text_color=&#8220;#eb611b&#8220; read_more_line_height=&#8220;2em&#8220; custom_margin=&#8220;||||false|false&#8220; custom_padding=&#8220;||||false|false&#8220; global_colors_info=&#8220;{}&#8220;][\/et_pb_blog][\/et_pb_column][\/et_pb_row][\/et_pb_section]<\/p>\n","protected":false},"excerpt":{"rendered":"<p>Internationale MBCL-KooperationenEntdecken Sie unsere Kooperationen mit f\u00fchrenden Instituten und Organisationen, die sich weltweit f\u00fcr Achtsamkeit und Mitgef\u00fchl einsetzen.International: Institute for Mindfulness-Based ApproachesGlobal Compassion Coalition L\u00e4nder: Brasilien: Instituto Plenativamente Frankreich: Euthymia Deutschland: Institut f\u00fcr Achtsamkeit Litauen: Neuromedicinos Institutas Kaunas Niederlande &amp; Belgien:Gentleminds Institute for CompassionCCMM30NOW Polen: https:\/\/mbcl-polska.plFacebook: https:\/\/facebook.com\/waszauwaznoscszkoleniatrenerskieInstagram: @martampepol_compassion Spanien: Mindfulness con coraz\u00f3n T\u00fcrkei: Mindfulness Institute [&hellip;]<\/p>\n","protected":false},"author":1,"featured_media":0,"parent":0,"menu_order":0,"comment_status":"closed","ping_status":"closed","template":"","meta":{"_et_pb_use_builder":"on","_et_pb_old_content":"","_et_gb_content_width":"","footnotes":""},"difl_page_category":[],"class_list":["post-2167","page","type-page","status-publish","hentry"],"yoast_head":"<!-- This site is optimized with the Yoast SEO plugin v27.3 - https:\/\/yoast.com\/product\/yoast-seo-wordpress\/ -->\n<title>Internationale MBCL-Kooperationen<\/title>\n<meta name=\"description\" content=\"Entdecken Sie unsere Kooperationen mit f\u00fchrenden Instituten und Organisationen, die sich weltweit f\u00fcr Achtsamkeit &amp; Mitgef\u00fchl einsetzen.\" \/>\n<meta name=\"robots\" content=\"index, follow, max-snippet:-1, max-image-preview:large, max-video-preview:-1\" \/>\n<link rel=\"canonical\" href=\"https:\/\/www.mbcl-international.net\/de\/kooperationen\/\" \/>\n<meta property=\"og:locale\" content=\"de_DE\" \/>\n<meta property=\"og:type\" content=\"article\" \/>\n<meta property=\"og:title\" content=\"Internationale MBCL-Kooperationen\" \/>\n<meta property=\"og:description\" content=\"Entdecken Sie unsere Kooperationen mit f\u00fchrenden Instituten und Organisationen, die sich weltweit f\u00fcr Achtsamkeit &amp; Mitgef\u00fchl einsetzen.\" \/>\n<meta property=\"og:url\" content=\"https:\/\/www.mbcl-international.net\/de\/kooperationen\/\" \/>\n<meta property=\"og:site_name\" content=\"MBCL International\" \/>\n<meta property=\"article:modified_time\" content=\"2025-02-20T14:59:56+00:00\" \/>\n<meta name=\"twitter:card\" content=\"summary_large_image\" \/>\n<meta name=\"twitter:label1\" content=\"Gesch\u00e4tzte Lesezeit\" \/>\n\t<meta name=\"twitter:data1\" content=\"2\u00a0Minuten\" \/>\n<script type=\"application\/ld+json\" class=\"yoast-schema-graph\">{\"@context\":\"https:\\\/\\\/schema.org\",\"@graph\":[{\"@type\":\"WebPage\",\"@id\":\"https:\\\/\\\/www.mbcl-international.net\\\/de\\\/kooperationen\\\/\",\"url\":\"https:\\\/\\\/www.mbcl-international.net\\\/de\\\/kooperationen\\\/\",\"name\":\"Internationale MBCL-Kooperationen\",\"isPartOf\":{\"@id\":\"https:\\\/\\\/www.mbcl-international.net\\\/de\\\/#website\"},\"datePublished\":\"2022-08-13T12:33:39+00:00\",\"dateModified\":\"2025-02-20T14:59:56+00:00\",\"description\":\"Entdecken Sie unsere Kooperationen mit f\u00fchrenden Instituten und Organisationen, die sich weltweit f\u00fcr Achtsamkeit & Mitgef\u00fchl einsetzen.\",\"breadcrumb\":{\"@id\":\"https:\\\/\\\/www.mbcl-international.net\\\/de\\\/kooperationen\\\/#breadcrumb\"},\"inLanguage\":\"de\",\"potentialAction\":[{\"@type\":\"ReadAction\",\"target\":[\"https:\\\/\\\/www.mbcl-international.net\\\/de\\\/kooperationen\\\/\"]}]},{\"@type\":\"BreadcrumbList\",\"@id\":\"https:\\\/\\\/www.mbcl-international.net\\\/de\\\/kooperationen\\\/#breadcrumb\",\"itemListElement\":[{\"@type\":\"ListItem\",\"position\":1,\"name\":\"Startseite\",\"item\":\"https:\\\/\\\/www.mbcl-international.net\\\/de\\\/\"},{\"@type\":\"ListItem\",\"position\":2,\"name\":\"Kooperationen\"}]},{\"@type\":\"WebSite\",\"@id\":\"https:\\\/\\\/www.mbcl-international.net\\\/de\\\/#website\",\"url\":\"https:\\\/\\\/www.mbcl-international.net\\\/de\\\/\",\"name\":\"MBCL International\",\"description\":\"Mindfulness-Based Compassionate Living\",\"publisher\":{\"@id\":\"https:\\\/\\\/www.mbcl-international.net\\\/de\\\/#organization\"},\"potentialAction\":[{\"@type\":\"SearchAction\",\"target\":{\"@type\":\"EntryPoint\",\"urlTemplate\":\"https:\\\/\\\/www.mbcl-international.net\\\/de\\\/?s={search_term_string}\"},\"query-input\":{\"@type\":\"PropertyValueSpecification\",\"valueRequired\":true,\"valueName\":\"search_term_string\"}}],\"inLanguage\":\"de\"},{\"@type\":\"Organization\",\"@id\":\"https:\\\/\\\/www.mbcl-international.net\\\/de\\\/#organization\",\"name\":\"MBCL\",\"url\":\"https:\\\/\\\/www.mbcl-international.net\\\/de\\\/\",\"logo\":{\"@type\":\"ImageObject\",\"inLanguage\":\"de\",\"@id\":\"https:\\\/\\\/www.mbcl-international.net\\\/de\\\/#\\\/schema\\\/logo\\\/image\\\/\",\"url\":\"https:\\\/\\\/www.mbcl-international.net\\\/wp-content\\\/uploads\\\/2022\\\/08\\\/MBCL-Logo.jpg\",\"contentUrl\":\"https:\\\/\\\/www.mbcl-international.net\\\/wp-content\\\/uploads\\\/2022\\\/08\\\/MBCL-Logo.jpg\",\"width\":600,\"height\":340,\"caption\":\"MBCL\"},\"image\":{\"@id\":\"https:\\\/\\\/www.mbcl-international.net\\\/de\\\/#\\\/schema\\\/logo\\\/image\\\/\"}}]}<\/script>\n<!-- \/ Yoast SEO plugin. -->","yoast_head_json":{"title":"Internationale MBCL-Kooperationen","description":"Entdecken Sie unsere Kooperationen mit f\u00fchrenden Instituten und Organisationen, die sich weltweit f\u00fcr Achtsamkeit & Mitgef\u00fchl einsetzen.","robots":{"index":"index","follow":"follow","max-snippet":"max-snippet:-1","max-image-preview":"max-image-preview:large","max-video-preview":"max-video-preview:-1"},"canonical":"https:\/\/www.mbcl-international.net\/de\/kooperationen\/","og_locale":"de_DE","og_type":"article","og_title":"Internationale MBCL-Kooperationen","og_description":"Entdecken Sie unsere Kooperationen mit f\u00fchrenden Instituten und Organisationen, die sich weltweit f\u00fcr Achtsamkeit & Mitgef\u00fchl einsetzen.","og_url":"https:\/\/www.mbcl-international.net\/de\/kooperationen\/","og_site_name":"MBCL International","article_modified_time":"2025-02-20T14:59:56+00:00","twitter_card":"summary_large_image","twitter_misc":{"Gesch\u00e4tzte Lesezeit":"2\u00a0Minuten"},"schema":{"@context":"https:\/\/schema.org","@graph":[{"@type":"WebPage","@id":"https:\/\/www.mbcl-international.net\/de\/kooperationen\/","url":"https:\/\/www.mbcl-international.net\/de\/kooperationen\/","name":"Internationale MBCL-Kooperationen","isPartOf":{"@id":"https:\/\/www.mbcl-international.net\/de\/#website"},"datePublished":"2022-08-13T12:33:39+00:00","dateModified":"2025-02-20T14:59:56+00:00","description":"Entdecken Sie unsere Kooperationen mit f\u00fchrenden Instituten und Organisationen, die sich weltweit f\u00fcr Achtsamkeit & Mitgef\u00fchl einsetzen.","breadcrumb":{"@id":"https:\/\/www.mbcl-international.net\/de\/kooperationen\/#breadcrumb"},"inLanguage":"de","potentialAction":[{"@type":"ReadAction","target":["https:\/\/www.mbcl-international.net\/de\/kooperationen\/"]}]},{"@type":"BreadcrumbList","@id":"https:\/\/www.mbcl-international.net\/de\/kooperationen\/#breadcrumb","itemListElement":[{"@type":"ListItem","position":1,"name":"Startseite","item":"https:\/\/www.mbcl-international.net\/de\/"},{"@type":"ListItem","position":2,"name":"Kooperationen"}]},{"@type":"WebSite","@id":"https:\/\/www.mbcl-international.net\/de\/#website","url":"https:\/\/www.mbcl-international.net\/de\/","name":"MBCL International","description":"Mindfulness-Based Compassionate Living","publisher":{"@id":"https:\/\/www.mbcl-international.net\/de\/#organization"},"potentialAction":[{"@type":"SearchAction","target":{"@type":"EntryPoint","urlTemplate":"https:\/\/www.mbcl-international.net\/de\/?s={search_term_string}"},"query-input":{"@type":"PropertyValueSpecification","valueRequired":true,"valueName":"search_term_string"}}],"inLanguage":"de"},{"@type":"Organization","@id":"https:\/\/www.mbcl-international.net\/de\/#organization","name":"MBCL","url":"https:\/\/www.mbcl-international.net\/de\/","logo":{"@type":"ImageObject","inLanguage":"de","@id":"https:\/\/www.mbcl-international.net\/de\/#\/schema\/logo\/image\/","url":"https:\/\/www.mbcl-international.net\/wp-content\/uploads\/2022\/08\/MBCL-Logo.jpg","contentUrl":"https:\/\/www.mbcl-international.net\/wp-content\/uploads\/2022\/08\/MBCL-Logo.jpg","width":600,"height":340,"caption":"MBCL"},"image":{"@id":"https:\/\/www.mbcl-international.net\/de\/#\/schema\/logo\/image\/"}}]}},"_links":{"self":[{"href":"https:\/\/www.mbcl-international.net\/de\/wp-json\/wp\/v2\/pages\/2167","targetHints":{"allow":["GET"]}}],"collection":[{"href":"https:\/\/www.mbcl-international.net\/de\/wp-json\/wp\/v2\/pages"}],"about":[{"href":"https:\/\/www.mbcl-international.net\/de\/wp-json\/wp\/v2\/types\/page"}],"author":[{"embeddable":true,"href":"https:\/\/www.mbcl-international.net\/de\/wp-json\/wp\/v2\/users\/1"}],"replies":[{"embeddable":true,"href":"https:\/\/www.mbcl-international.net\/de\/wp-json\/wp\/v2\/comments?post=2167"}],"version-history":[{"count":12,"href":"https:\/\/www.mbcl-international.net\/de\/wp-json\/wp\/v2\/pages\/2167\/revisions"}],"predecessor-version":[{"id":3049,"href":"https:\/\/www.mbcl-international.net\/de\/wp-json\/wp\/v2\/pages\/2167\/revisions\/3049"}],"wp:attachment":[{"href":"https:\/\/www.mbcl-international.net\/de\/wp-json\/wp\/v2\/media?parent=2167"}],"wp:term":[{"taxonomy":"difl_page_category","embeddable":true,"href":"https:\/\/www.mbcl-international.net\/de\/wp-json\/wp\/v2\/difl_page_category?post=2167"}],"curies":[{"name":"wp","href":"https:\/\/api.w.org\/{rel}","templated":true}]}}